{"id":1844,"date":"2025-07-11T13:13:30","date_gmt":"2025-07-11T11:13:30","guid":{"rendered":"https:\/\/graciacalbet.com\/cookies\/"},"modified":"2026-04-08T11:34:58","modified_gmt":"2026-04-08T09:34:58","slug":"cookies","status":"publish","type":"page","link":"https:\/\/graciacalbet.com\/ca\/cookies\/","title":{"rendered":"Cookies"},"content":{"rendered":"<p><strong>Qu\u00e8 \u00e9s una cookie?<\/strong><\/p>\n<p>Una cookie \u00e9s un fitxer que es descarrega al seu ordinador quan l\u2019Usuari accedeix a determinades p\u00e0gines web. Les cookies permeten a una p\u00e0gina web, entre altres coses, emmagatzemar i recuperar informaci\u00f3 sobre els h\u00e0bits de navegaci\u00f3 d\u2019un usuari o del seu equip i, depenent de la informaci\u00f3 que continguin i de la forma en qu\u00e8 utilitzi el seu equip, es poden utilitzar per recon\u00e8ixer l\u2019usuari.<\/p>\n<p><strong>Quins tipus de cookies hi ha?<\/strong><\/p>\n<p>Hi ha diversos tipus de cookies en funci\u00f3 de diferents criteris:<\/p>\n<p><strong>En funci\u00f3 del temps que romanen activades:<\/strong><\/p>\n<p>Cookies de sessi\u00f3. S\u00f3n un tipus de cookies dissenyades per sol\u00b7licitar i emmagatzemar dades mentre l\u2019usuari accedeix a una p\u00e0gina web.<\/p>\n<p>Cookies permanents: S\u00f3n un tipus de cookies en qu\u00e8 les dades continuen emmagatzemades al terminal i poden ser accedides i tractades durant un per\u00edode definit pel responsable de la cookie.<\/p>\n<p><strong>En funci\u00f3 de la titularitat:<\/strong><\/p>\n<p>Cookies pr\u00f2pies. S\u00f3n les que pertanyen a GR\u00c0CIA I CALBET SLP.<\/p>\n<p>Cookies de tercers. S\u00f3n aquelles la titularitat de les quals \u00e9s d\u2019un tercer, diferent de GR\u00c0CIA I CALBET SLP, que ser\u00e0 qui tracti la informaci\u00f3 recollida.<\/p>\n<p><strong>En funci\u00f3 de la seva finalitat:<\/strong><\/p>\n<p>Cookies t\u00e8cniques i\/o de personalitzaci\u00f3. S\u00f3n aquelles que serveixen per millorar el servei, localitzar incid\u00e8ncies, recon\u00e8ixer l\u2019usuari, etc.<\/p>\n<p>Cookies d\u2019an\u00e0lisi i\/o de publicitat. S\u00f3n aquelles que serveixen per analitzar informaci\u00f3 sobre la navegaci\u00f3 i oferir publicitat, sigui gen\u00e8rica o personalitzada.<\/p>\n<p><strong>Quins tipus de cookies s\u00f3n m\u00e9s habituals?<\/strong><\/p>\n<p><strong>T\u00c8CNIQUES:<\/strong> S\u00f3n cookies PR\u00d2PIES, de sessi\u00f3, d\u2019identificaci\u00f3, de configuraci\u00f3 i de registre, estrictament necess\u00e0ries per a la identificaci\u00f3 de l\u2019usuari i per a la prestaci\u00f3 dels serveis sol\u00b7licitats per l\u2019usuari. La informaci\u00f3 obtinguda a trav\u00e9s d\u2019aquestes \u00e9s tractada \u00fanicament per NOM EMPRESA.<\/p>\n<p><strong>D\u2019AN\u00c0LISI:<\/strong> S\u00f3n aquelles que, b\u00e9 tractades per nosaltres o per tercers, ens permeten quantificar el nombre d\u2019usuaris i aix\u00ed realitzar la mesura i an\u00e0lisi estad\u00edstica de la utilitzaci\u00f3 que fan els usuaris del servei ofert. Per aquest motiu s\u2019analitza la seva navegaci\u00f3 a la nostra p\u00e0gina web amb la finalitat de millorar l\u2019oferta de productes o serveis que li oferim.<\/p>\n<p><strong>DE PUBLICITAT:<\/strong> S\u00f3n aquelles que, b\u00e9 tractades per nosaltres o per tercers, permeten la gesti\u00f3, de la manera m\u00e9s efica\u00e7 possible, dels espais publicitaris que es puguin incloure a la nostra p\u00e0gina web i\/o emmagatzemar informaci\u00f3 del comportament dels usuaris obtinguda a trav\u00e9s de l\u2019observaci\u00f3 continuada. Gr\u00e0cies a elles, podem con\u00e8ixer els h\u00e0bits de navegaci\u00f3 a internet i mostrar-li publicitat relacionada amb el seu perfil de navegaci\u00f3.<\/p>\n<p><strong>Per a qu\u00e8 serveix una cookie?<\/strong><\/p>\n<p>Les cookies s\u2019utilitzen per poder oferir serveis i\/o publicitat personalitzada, per analitzar el funcionament del sistema, recon\u00e8ixer quan accedeix com a usuari, localitzar incid\u00e8ncies i problemes que puguin sorgir i solucionar-los en el menor termini possible, aix\u00ed com analitzar i mesurar l\u2019\u00fas i l\u2019activitat de la p\u00e0gina web.<\/p>\n<p><strong>Es necessita el meu consentiment per implantar una cookie?<\/strong><\/p>\n<p>No \u00e9s necessari el consentiment per a la instal\u00b7laci\u00f3 de cookies t\u00e8cniques o les que siguin estrictament necess\u00e0ries per a la prestaci\u00f3 d\u2019un servei de la societat de la informaci\u00f3 expressament sol\u00b7licitat pel destinatari.<\/p>\n<p>Per a la resta, s\u00ed que es necessita el consentiment de l\u2019interessat que es pot sol\u00b7licitar per diferents vies. En el cas de NOM EMPRESA, s\u2019entendr\u00e0 atorgat si vost\u00e8 continua utilitzant la p\u00e0gina web, sens perjudici que en qualsevol moment podr\u00e0 revocar i desactivar les cookies.<\/p>\n<p><strong>Quins tipus de cookies utilitza aquesta p\u00e0gina web?<\/strong><\/p>\n<p>Cookies t\u00e8cniques: S\u00f3n aquelles creades i gestionades \u00fanicament per nosaltres, i permeten a l\u2019usuari la navegaci\u00f3 a trav\u00e9s de la nostra p\u00e0gina web i la utilitzaci\u00f3 de les diferents opcions com, per exemple, identificar la sessi\u00f3, personalitzar informaci\u00f3 o accedir a zones d\u2019acc\u00e9s restringit.<\/p>\n<p>El lloc web de GR\u00c0CIACALBET utilitza (o pot utilitzar) Google Analytics, una eina d\u2019anal\u00edtica web desenvolupada per Google, que ajuda els propietaris de llocs web a mesurar com interactuen els usuaris amb el contingut del lloc. Per a la prestaci\u00f3 d\u2019aquests serveis, Google Analytics utilitza cookies que recopilen la informaci\u00f3, inclosa l\u2019adre\u00e7a IP de l\u2019usuari, que ser\u00e0 transmesa, tractada i emmagatzemada per Google en els termes fixats al web Google.com.<\/p>\n<p>Per a m\u00e9s informaci\u00f3, vegeu:<\/p>\n<p><a href=\"https:\/\/developers.google.com\/analytics\/devguides\/collection\/analyticsjs\/cookie-usage\" target=\"_blank\" rel=\"noopener\">https:\/\/developers.google.com\/analytics\/devguides\/collection\/analyticsjs\/cookie-usage<\/a><\/p>\n<p>El domini web www.graciacalbet.com utilitza els seg\u00fcents tipus de cookies:<\/p>\n<p>compilanceCookie \u2014 Amagar el missatge sobre la pol\u00edtica de cookies, expira als 2 anys<\/p>\n<p><em>kirbysession i kirbysession<\/em>\\_auth \u2014 Cookies t\u00e8cniques, permeten la navegaci\u00f3 entre idiomes<\/p>\n<p><strong>Com desactivar les cookies?<\/strong><\/p>\n<p>Pot permetre, bloquejar o eliminar les cookies instal\u00b7lades al seu equip mitjan\u00e7ant la configuraci\u00f3 de les opcions del navegador al seu ordinador.<\/p>\n<p>Firefox: <a href=\"https:\/\/support.mozilla.org\/es\/kb\/habilitar-y-deshabilitar-cookies-sitios-web-rastrear-preferencias?redirectlocale=es&amp;redirectslug=habilitar-y-deshabilitar-cookies-que-los-sitios-we\" target=\"_blank\" rel=\"noopener\">https:\/\/support.mozilla.org\/es\/kb\/habilitar-y-deshabilitar-cookies-sitios-web-rastrear-preferencias?redirectlocale=es&amp;redirectslug=habilitar-y-deshabilitar-cookies-que-los-sitios-we<\/a><\/p>\n<p>Chrome: <a href=\"https:\/\/support.google.com\/chrome\/answer\/95647?hl=es\" target=\"_blank\" rel=\"noopener\">https:\/\/support.google.com\/chrome\/answer\/95647?hl=es<\/a><\/p>\n<p>Internet Explorer: <a href=\"https:\/\/support.microsoft.com\/es-es\/products\/windows?os=windows-10\" target=\"_blank\" rel=\"noopener\">https:\/\/support.microsoft.com\/es-es\/products\/windows?os=windows-10<\/a><\/p>\n<p>Safari: <a href=\"https:\/\/support.apple.com\/kb\/ph5042?locale=es_ES\" target=\"_blank\" rel=\"noopener\">https:\/\/support.apple.com\/kb\/ph5042?locale=es_ES<\/a><\/p>\n<p>Safari per iOS: <a href=\"https:\/\/support.apple.com\/es-es\/HT201265\" target=\"_blank\" rel=\"noopener\">https:\/\/support.apple.com\/es-es\/HT201265<\/a><\/p>\n<p>Opera: <a href=\"http:\/\/help.opera.com\/Windows\/11.50\/es-ES\/cookies.html\" target=\"_blank\" rel=\"noopener\">http:\/\/help.opera.com\/Windows\/11.50\/es-ES\/cookies.html<\/a><\/p>\n<p><strong>Configuraci\u00f3, consulta i desactivaci\u00f3 de cookies<\/strong><\/p>\n<p>Quan vost\u00e8 accedeix al web rep un av\u00eds relatiu a l\u2019\u00fas de cookies, que li atorga acc\u00e9s a aquesta Pol\u00edtica de Cookies per a la seva lectura i coneixement. Si vost\u00e8 prem \u201cacceptar\u201d, vost\u00e8 accepta la instal\u00b7laci\u00f3 i \u00fas de les cookies. Vost\u00e8 pot permetre, deshabilitar, bloquejar o eliminar les cookies mitjan\u00e7ant la configuraci\u00f3 de les opcions del navegador instal\u00b7lat al seu dispositiu:<\/p>\n<p><strong>Chrome<\/strong>: des de <a href=\"http:\/\/support.google.com\/chrome\/bin\/answer.py?hl=es&amp;answer=95647\" target=\"_blank\" rel=\"noopener\">http:\/\/support.google.com\/chrome\/bin\/answer.py?hl=es&amp;answer=95647<\/a><\/p>\n<p><strong>Safari<\/strong>, des de <a href=\"http:\/\/support.apple.com\/kb\/ph5042\" target=\"_blank\" rel=\"noopener\">http:\/\/support.apple.com\/kb\/ph5042<\/a><\/p>\n<p><strong>Microsoft Edge<\/strong>, des de <a href=\"http:\/\/windows.microsoft.com\/es-es\/windows7\/how-to-manage-cookies-in-internet-explorer-9\" target=\"_blank\" rel=\"noopener\">http:\/\/windows.microsoft.com\/es-es\/windows7\/how-to-manage-cookies-in-internet-explorer-9<\/a><\/p>\n<p><strong>Firefox<\/strong>, des de <a href=\"http:\/\/support.mozilla.org\/es\/kb\/habilitar-y-deshabilitar-cookies-que-los-sitios-we\" target=\"_blank\" rel=\"noopener\">http:\/\/support.mozilla.org\/es\/kb\/habilitar-y-deshabilitar-cookies-que-los-sitios-we<\/a><\/p>\n<p>Tot el que fa refer\u00e8ncia a les cookies de Google, tant anal\u00edtiques com publicit\u00e0ries, aix\u00ed com la seva administraci\u00f3 i configuraci\u00f3 es pot consultar a:<\/p>\n<p><a href=\"http:\/\/www.google.es\/intl\/es\/policies\/technologies\/types\/\" target=\"_blank\" rel=\"noopener\">http:\/\/www.google.es\/intl\/es\/policies\/technologies\/types\/<\/a><\/p>\n<p><a href=\"http:\/\/www.google.es\/policies\/technologies\/ads\/\" target=\"_blank\" rel=\"noopener\">http:\/\/www.google.es\/policies\/technologies\/ads\/<\/a><\/p>\n<p><a href=\"https:\/\/developers.google.com\/analytics\/devguides\/collection\/analyticsjs\/cookie-usage\" target=\"_blank\" rel=\"noopener\">https:\/\/developers.google.com\/analytics\/devguides\/collection\/analyticsjs\/cookie-usage<\/a><\/p>\n<p>Si decideix deshabilitar les Cookies no li podrem oferir alguns dels nostres serveis.<\/p>\n<p>Estem en qualsevol cas a la seva disposici\u00f3 per a qualsevol pregunta sobre cookies a l\u2019adre\u00e7a <a href=\"mailto:info@graciacalbet.com\">info@graciacalbet.com<\/a><\/p>\n<p><strong>Actualitzaci\u00f3 de cookies<\/strong><\/p>\n<p>Les cookies de graciacalbet.com poden ser actualitzades, per la qual cosa aconsellem que revisin regularment la nostra pol\u00edtica de cookies.<\/p>\n","protected":false},"excerpt":{"rendered":"<p>Qu\u00e8 \u00e9s una cookie? Una cookie \u00e9s un fitxer que es descarrega al seu ordinador quan l\u2019Usuari accedeix a determinades p\u00e0gines web. Les cookies permeten a una p\u00e0gina web, entre altres coses, emmagatzemar i recuperar informaci\u00f3 sobre els h\u00e0bits de navegaci\u00f3 d\u2019un usuari o del seu equip i, depenent de la informaci\u00f3 que continguin i<a href=\"https:\/\/graciacalbet.com\/ca\/cookies\/\">Continue reading <span class=\"sr-only\">&#8220;Cookies&#8221;<\/span><\/a><\/p>\n","protected":false},"author":1,"featured_media":0,"parent":0,"menu_order":0,"comment_status":"closed","ping_status":"closed","template":"","meta":{"_acf_changed":false,"inline_featured_image":false,"footnotes":""},"service-type":[],"class_list":["post-1844","page","type-page","status-publish","hentry"],"acf":[],"_links":{"self":[{"href":"https:\/\/graciacalbet.com\/ca\/wp-json\/wp\/v2\/pages\/1844","targetHints":{"allow":["GET"]}}],"collection":[{"href":"https:\/\/graciacalbet.com\/ca\/wp-json\/wp\/v2\/pages"}],"about":[{"href":"https:\/\/graciacalbet.com\/ca\/wp-json\/wp\/v2\/types\/page"}],"author":[{"embeddable":true,"href":"https:\/\/graciacalbet.com\/ca\/wp-json\/wp\/v2\/users\/1"}],"replies":[{"embeddable":true,"href":"https:\/\/graciacalbet.com\/ca\/wp-json\/wp\/v2\/comments?post=1844"}],"version-history":[{"count":2,"href":"https:\/\/graciacalbet.com\/ca\/wp-json\/wp\/v2\/pages\/1844\/revisions"}],"predecessor-version":[{"id":5154,"href":"https:\/\/graciacalbet.com\/ca\/wp-json\/wp\/v2\/pages\/1844\/revisions\/5154"}],"wp:attachment":[{"href":"https:\/\/graciacalbet.com\/ca\/wp-json\/wp\/v2\/media?parent=1844"}],"wp:term":[{"taxonomy":"service-type","embeddable":true,"href":"https:\/\/graciacalbet.com\/ca\/wp-json\/wp\/v2\/service-type?post=1844"}],"curies":[{"name":"wp","href":"https:\/\/api.w.org\/{rel}","templated":true}]}}