{"id":1898,"date":"2025-07-11T13:13:21","date_gmt":"2025-07-11T11:13:21","guid":{"rendered":"https:\/\/graciacalbet.com\/informacio-legal\/"},"modified":"2026-04-08T11:34:41","modified_gmt":"2026-04-08T09:34:41","slug":"informacio-legal","status":"publish","type":"page","link":"https:\/\/graciacalbet.com\/ca\/informacio-legal\/","title":{"rendered":"Informaci\u00f3 legal"},"content":{"rendered":"<p><strong>1. OBJECTE<\/strong><\/p>\n<p>El present av\u00eds legal regula l\u2019\u00fas i la utilitzaci\u00f3 del lloc web www.graciacalbet.com, del qual \u00e9s titular GR\u00c0CIA I CALBET, S.L.P. (d\u2019ara endavant, EL PROPIETARI DE LA WEB).<\/p>\n<p>La navegaci\u00f3 pel lloc web del PROPIETARI DE LA WEB li atribueix la condici\u00f3 d\u2019USUARI del mateix i comporta la seva acceptaci\u00f3 plena i sense reserves de totes i cadascuna de les condicions publicades en aquest av\u00eds legal, advertint que aquestes condicions podran ser modificades sense notificaci\u00f3 pr\u00e8via per part del PROPIETARI DE LA WEB; en aquest cas es procedir\u00e0 a la seva publicaci\u00f3 i av\u00eds amb la m\u00e0xima antelaci\u00f3 possible.<\/p>\n<p>Per aix\u00f2 \u00e9s recomanable llegir amb atenci\u00f3 el contingut en cas de voler accedir i fer \u00fas de la informaci\u00f3 i dels serveis oferts des d\u2019aquest lloc web.<\/p>\n<p>L\u2019usuari, a m\u00e9s, es compromet a fer un \u00fas correcte del lloc web de conformitat amb les lleis, la bona fe, l\u2019ordre p\u00fablic, els usos del tr\u00e0fic i el present Av\u00eds Legal, i respondr\u00e0 davant del PROPIETARI DE LA WEB o davant de tercers de qualsevol dany i perjudici que pogu\u00e9s causar com a conseq\u00fc\u00e8ncia de l\u2019incompliment d\u2019aquesta obligaci\u00f3.<\/p>\n<p>Qualsevol utilitzaci\u00f3 diferent de l\u2019autoritzada est\u00e0 expressament prohibida, i el PROPIETARI DE LA WEB pot denegar o retirar-ne l\u2019acc\u00e9s i l\u2019\u00fas en qualsevol moment.<\/p>\n<p><strong>2. IDENTIFICACI\u00d3<\/strong><\/p>\n<p>EL PROPIETARI DE LA WEB, en compliment de la Llei 34\/2002, d\u201911 de juliol, de Serveis de la Societat de la Informaci\u00f3 i de Comer\u00e7 Electr\u00f2nic, l\u2019informa que:<\/p>\n<p>La seva denominaci\u00f3 social \u00e9s: GR\u00c0CIA I CALBET, S.L.P.<\/p>\n<p>\u2022 El seu CIF \u00e9s: B-63085955<\/p>\n<p>\u2022 El seu domicili social \u00e9s a: 08007 Barcelona, Gran Via Corts Catalanes 617, 3r 2a<\/p>\n<p>\u2022 Inscrita en el Registre Mercantil de Barcelona<\/p>\n<p><strong>3. COMUNICACIONS<\/strong><\/p>\n<p>Per comunicar-se amb nosaltres, posem a la seva disposici\u00f3 diferents mitjans de contacte que detallem a continuaci\u00f3:<\/p>\n<p>\u2022 Tel: 933170429<\/p>\n<p>\u2022 Mail: info@graciacalbet.com<\/p>\n<p>Totes les notificacions i comunicacions entre els usuaris i el PROPIETARI DE LA WEB es consideraran eficaces, a tots els efectes, quan es facin a trav\u00e9s de qualsevol dels mitjans detallats anteriorment.<\/p>\n<p><strong>4. CONDICIONS D\u2019ACC\u00c9S I UTILITZACI\u00d3<\/strong><\/p>\n<p>El lloc web i els seus serveis s\u00f3n d\u2019acc\u00e9s lliure i gratu\u00eft. No obstant aix\u00f2, el PROPIETARI DE LA WEB pot condicionar la utilitzaci\u00f3 d\u2019alguns dels serveis oferts al seu web a la pr\u00e8via complimentaci\u00f3 del formulari corresponent.<\/p>\n<p>L\u2019usuari garanteix l\u2019autenticitat i l\u2019actualitat de totes les dades que comuniqui al PROPIETARI DE LA WEB i ser\u00e0 l\u2019\u00fanic responsable de les manifestacions falses o inexactes que faci.<\/p>\n<p>L\u2019usuari es compromet expressament a fer un \u00fas adequat dels continguts i serveis del PROPIETARI DE LA WEB i a no utilitzar-los per, entre d\u2019altres:<\/p>\n<p>a) Difondre continguts delictius, violents, pornogr\u00e0fics, racistes, xen\u00f2fobs, ofensius, d\u2019apologia del terrorisme o, en general, contraris a la llei o a l\u2019ordre p\u00fablic.<\/p>\n<p>b) Introduir a la xarxa virus inform\u00e0tics o realitzar actuacions susceptibles d\u2019alterar, danyar, interrompre o generar errors o danys en els documents electr\u00f2nics, dades o sistemes f\u00edsics i l\u00f2gics del PROPIETARI DE LA WEB o de terceres persones; aix\u00ed com obstaculitzar l\u2019acc\u00e9s d\u2019altres usuaris al lloc web i als seus serveis mitjan\u00e7ant el consum massiu dels recursos inform\u00e0tics a trav\u00e9s dels quals el PROPIETARI DE LA WEB presta els seus serveis.<\/p>\n<p>c) Intentar accedir als comptes de correu electr\u00f2nic d\u2019altres usuaris o a \u00e0rees restringides dels sistemes inform\u00e0tics del PROPIETARI DE LA WEB o de tercers i, si escau, extreure\u2019n informaci\u00f3.<\/p>\n<p>d) Vulnerar els drets de propietat intel\u00b7lectual o industrial, aix\u00ed com violar la confidencialitat de la informaci\u00f3 del PROPIETARI DE LA WEB o de tercers.<\/p>\n<p>e) Suplantar la identitat de qualsevol altre usuari.<\/p>\n<p>f) Reproduir, copiar, distribuir, posar a disposici\u00f3 de, o qualsevol altra forma de comunicaci\u00f3 p\u00fablica, transformar o modificar els continguts, llevat que es disposi de l\u2019autoritzaci\u00f3 del titular dels corresponents drets o aix\u00f2 estigui legalment perm\u00e8s.<\/p>\n<p>g) Sol\u00b7licitar dades amb finalitat publicit\u00e0ria i remetre publicitat de qualsevol mena i comunicacions amb fins de venda o altres de naturalesa comercial sense que existeixi la pr\u00e8via sol\u00b7licitud o consentiment.<\/p>\n<p>Tots els continguts del lloc web, com textos, fotografies, gr\u00e0fics, imatges, icones, tecnologia, programari, aix\u00ed com el seu disseny gr\u00e0fic i codis font, constitueixen una obra i la propietat pertany al PROPIETARI DE LA WEB, sense que es puguin entendre cedits a l\u2019usuari cap dels drets d\u2019explotaci\u00f3 sobre els mateixos m\u00e9s enll\u00e0 de l\u2019estrictament necessari per al correcte \u00fas de la web.<\/p>\n<p>En definitiva, els usuaris que accedeixin a aquest lloc web poden visualitzar els continguts i efectuar, si escau, c\u00f2pies privades autoritzades sempre que els elements reprodu\u00efts no siguin cedits posteriorment a tercers, ni s\u2019instal\u00b7lin en servidors connectats en xarxes, ni siguin objecte de cap tipus d\u2019explotaci\u00f3.<\/p>\n<p>Aix\u00ed mateix, totes les marques, noms comercials o signes distintius de qualsevol mena que apareixen al lloc web s\u00f3n propietat del PROPIETARI DE LA WEB, sense que es pugui entendre que l\u2019\u00fas o acc\u00e9s al mateix atorgui a l\u2019usuari cap dret sobre aquests.<\/p>\n<p>La distribuci\u00f3, modificaci\u00f3, cessi\u00f3 o comunicaci\u00f3 p\u00fablica dels continguts i qualsevol altre acte que no hagi estat expressament autoritzat pel titular dels drets d\u2019explotaci\u00f3 queden prohibits.<\/p>\n<p>L\u2019establiment d\u2019un hiperenlla\u00e7 no implica en cap cas l\u2019exist\u00e8ncia de relacions entre el PROPIETARI DE LA WEB i el propietari del lloc web en el qual s\u2019estableixi, ni l\u2019acceptaci\u00f3 i aprovaci\u00f3 per part del PROPIETARI DE LA WEB dels seus continguts o serveis.<\/p>\n<p>El PROPIETARI DE LA WEB no es responsabilitza de l\u2019\u00fas que cada usuari faci dels materials posats a disposici\u00f3 en aquest lloc web ni de les actuacions que realitzi sobre la base dels mateixos.<\/p>\n<p><strong>EXCLUSI\u00d3 DE GARANTIES I DE RESPONSABILITAT EN L\u2019ACC\u00c9S I LA UTILITZACI\u00d3<\/strong><\/p>\n<p>El contingut del present lloc web \u00e9s de car\u00e0cter general i t\u00e9 una finalitat merament informativa, sense que es garanteixi plenament l\u2019acc\u00e9s a tots els continguts, ni la seva exhaustivitat, correcci\u00f3, vig\u00e8ncia o actualitat, ni la seva idone\u00eftat o utilitat per a un objectiu espec\u00edfic.<\/p>\n<p>El PROPIETARI DE LA WEB exclou, fins on permet l\u2019ordenament jur\u00eddic, qualsevol responsabilitat pels danys i perjudicis de tota mena derivats de:<\/p>\n<p>a) La impossibilitat d\u2019acc\u00e9s al lloc web o la manca de veracitat, exactitud, exhaustivitat i\/o actualitat dels continguts, aix\u00ed com l\u2019exist\u00e8ncia de vicis i defectes de tota mena dels continguts transmesos, difosos, emmagatzemats, posats a disposici\u00f3, als quals s\u2019hagi accedit a trav\u00e9s del lloc web o dels serveis que s\u2019ofereixen.<\/p>\n<p>b) La pres\u00e8ncia de virus o d\u2019altres elements en els continguts que puguin produir alteracions en els sistemes inform\u00e0tics, documents electr\u00f2nics o dades dels usuaris.<\/p>\n<p>c) L\u2019incompliment de les lleis, la bona fe, l\u2019ordre p\u00fablic, els usos del tr\u00e0fic i el present av\u00eds legal com a conseq\u00fc\u00e8ncia de l\u2019\u00fas incorrecte del lloc web. En particular, i a tall d\u2019exemple, el PROPIETARI DE LA WEB no es fa responsable de les actuacions de tercers que vulnerin drets de propietat intel\u00b7lectual i industrial, secrets empresarials, drets a l\u2019honor, a la intimitat personal i familiar i a la pr\u00f2pia imatge, aix\u00ed com la normativa en mat\u00e8ria de compet\u00e8ncia deslleial i publicitat il\u00b7l\u00edcita.<\/p>\n<p>Aix\u00ed mateix, el PROPIETARI DE LA WEB declina qualsevol responsabilitat respecte a la informaci\u00f3 que es trobi fora d\u2019aquesta web i que no sigui gestionada directament pel nostre webmaster. La funci\u00f3 dels links que apareixen en aquesta web \u00e9s exclusivament la d\u2019informar l\u2019usuari sobre l\u2019exist\u00e8ncia d\u2019altres fonts susceptibles d\u2019ampliar els continguts que ofereix aquest lloc web. El PROPIETARI DE LA WEB no garanteix ni es responsabilitza del funcionament o accessibilitat dels llocs enlla\u00e7ats; ni suggereix, convida o recomana la visita a aquests, de manera que tampoc no ser\u00e0 responsable del resultat obtingut. El PROPIETARI DE LA WEB no es responsabilitza de l\u2019establiment d\u2019hipervincles per part de tercers.<\/p>\n<p><strong>4.2. PROCEDIMENT EN CAS D\u2019ACTIVITATS DE CAR\u00c0CTER IL\u00b7L\u00cdCIT<\/strong><\/p>\n<p>En el cas que qualsevol usuari o un tercer consideri que existeixen fets o circumst\u00e0ncies que revelin el car\u00e0cter il\u00b7l\u00edcit de la utilitzaci\u00f3 de qualsevol contingut i\/o de la realitzaci\u00f3 de qualsevol activitat a les p\u00e0gines web incloses o accessibles a trav\u00e9s del lloc web, haur\u00e0 d\u2019enviar una notificaci\u00f3 al PROPIETARI DE LA WEB identificant-se degudament i especificant les suposades infraccions.<\/p>\n<p><strong>4.3. PUBLICACIONS<\/strong><\/p>\n<p>La informaci\u00f3 administrativa facilitada a trav\u00e9s del lloc web no substitueix la publicitat legal de les lleis, normatives, plans, disposicions generals i actes que hagin de ser publicats formalment als diaris oficials de les administracions p\u00fabliques, que constitueixen l\u2019\u00fanic instrument que dona fe de la seva autenticitat i contingut. La informaci\u00f3 disponible en aquest lloc web s\u2019ha d\u2019entendre com una guia sense prop\u00f2sit de validesa legal.<\/p>\n<p><strong>5. LEGISLACI\u00d3 APLICABLE<\/strong><\/p>\n<p>Les presents condicions es regiran per la legislaci\u00f3 espanyola vigent.<\/p>\n","protected":false},"excerpt":{"rendered":"<p>1. OBJECTE El present av\u00eds legal regula l\u2019\u00fas i la utilitzaci\u00f3 del lloc web www.graciacalbet.com, del qual \u00e9s titular GR\u00c0CIA I CALBET, S.L.P. (d\u2019ara endavant, EL PROPIETARI DE LA WEB). La navegaci\u00f3 pel lloc web del PROPIETARI DE LA WEB li atribueix la condici\u00f3 d\u2019USUARI del mateix i comporta la seva acceptaci\u00f3 plena i sense<a href=\"https:\/\/graciacalbet.com\/ca\/informacio-legal\/\">Continue reading <span class=\"sr-only\">&#8220;Informaci\u00f3 legal&#8221;<\/span><\/a><\/p>\n","protected":false},"author":1,"featured_media":0,"parent":0,"menu_order":0,"comment_status":"closed","ping_status":"closed","template":"","meta":{"_acf_changed":false,"inline_featured_image":false,"footnotes":""},"service-type":[],"class_list":["post-1898","page","type-page","status-publish","hentry"],"acf":[],"_links":{"self":[{"href":"https:\/\/graciacalbet.com\/ca\/wp-json\/wp\/v2\/pages\/1898","targetHints":{"allow":["GET"]}}],"collection":[{"href":"https:\/\/graciacalbet.com\/ca\/wp-json\/wp\/v2\/pages"}],"about":[{"href":"https:\/\/graciacalbet.com\/ca\/wp-json\/wp\/v2\/types\/page"}],"author":[{"embeddable":true,"href":"https:\/\/graciacalbet.com\/ca\/wp-json\/wp\/v2\/users\/1"}],"replies":[{"embeddable":true,"href":"https:\/\/graciacalbet.com\/ca\/wp-json\/wp\/v2\/comments?post=1898"}],"version-history":[{"count":2,"href":"https:\/\/graciacalbet.com\/ca\/wp-json\/wp\/v2\/pages\/1898\/revisions"}],"predecessor-version":[{"id":5153,"href":"https:\/\/graciacalbet.com\/ca\/wp-json\/wp\/v2\/pages\/1898\/revisions\/5153"}],"wp:attachment":[{"href":"https:\/\/graciacalbet.com\/ca\/wp-json\/wp\/v2\/media?parent=1898"}],"wp:term":[{"taxonomy":"service-type","embeddable":true,"href":"https:\/\/graciacalbet.com\/ca\/wp-json\/wp\/v2\/service-type?post=1898"}],"curies":[{"name":"wp","href":"https:\/\/api.w.org\/{rel}","templated":true}]}}