{"id":1912,"date":"2025-07-08T08:17:14","date_gmt":"2025-07-08T06:17:14","guid":{"rendered":"https:\/\/graciacalbet.com\/politica-de-privacitat\/"},"modified":"2026-04-08T11:34:50","modified_gmt":"2026-04-08T09:34:50","slug":"politica-de-privacitat","status":"publish","type":"page","link":"https:\/\/graciacalbet.com\/ca\/politica-de-privacitat\/","title":{"rendered":"Pol\u00edtica de privacitat"},"content":{"rendered":"\r\n<p>En GR\u00c0CIACALBET trabajamos para garantizar la privacidad en el tratamiento de sus datos personales. Hemos actualizado nuestra Pol\u00edtica de Privacidad para informar claramente de c\u00f3mo recogemos, utilizamos y custodiamos los datos de las personas que contactan con nuestra empresa:<\/p>\r\n<p>\u2022 Responsable del tratamiento<\/p>\r\n<p>\u2022 Finalidades del tratamiento de datos<\/p>\r\n<p>\u2022 Per\u00edodo de conservaci\u00f3n de datos<\/p>\r\n<p>\u2022 Legitimaci\u00f3n para el tratamiento de datos<\/p>\r\n<p>\u2022 Comunicaci\u00f3n de datos<\/p>\r\n<p>\u2022 Transferencias internacionales de datos<\/p>\r\n<p>\u2022 Sus derechos<\/p>\r\n<p>\u2022 Obtenci\u00f3n de sus datos.<\/p>\r\n<p>\u00bfQui\u00e9n es el responsable del tratamiento de sus datos?<\/p>\r\n<p><strong>Raz\u00f3n social:\u00a0<\/strong>GR\u00c0CIA I CALBET SLP.<\/p>\r\n<p><strong>Nombre comercial:\u00a0<\/strong>GR\u00c0CIACALBET<\/p>\r\n<p><strong>NIF:\u00a0<\/strong>B-63085955<\/p>\r\n<p><strong>Direcci\u00f3n postal:\u00a0<\/strong>08007 Barcelona, Gran Via Corts Catalanes 617, 3\u00ba 2\u00aa<\/p>\r\n<p><strong>Tel\u00e9fono:\u00a0<\/strong>933170429<\/p>\r\n<p><strong>Correo electr\u00f3nico:\u00a0<\/strong><a href=\"mailto:info@nombreempresa.com\">info@graciacalbet.com<\/a><\/p>\r\n<p>\u00bfCon qu\u00e9 finalidad tratamos sus datos personales?<\/p>\r\n<p>En GR\u00c0CIACALBET el tratamiento de datos se realiza con las siguientes finalidades, en funci\u00f3n del motivo por el cual nos los haya facilitado:<\/p>\r\n<p>Gestionar datos facilitados directamente por el propio interesado para informar de nuestros productos y servicios, dar respuesta a su solicitud, petici\u00f3n o consulta y realizar un seguimiento posterior.<\/p>\r\n<p>Gestionar los datos proporcionados por el asociado en el momento de contratar nuestros servicios, a nivel organizativo, contable, fiscal y administrativo, as\u00ed como para informar sobre servicios, eventos y noticias relacionadas con nuestra actividad profesional que puedan ser de su inter\u00e9s.<\/p>\r\n<p>Gestionar los datos profesionales del USUARIO para su participaci\u00f3n en los diferentes eventos o actividades que organicemos y nos hayan autorizado para informar sobre otras actividades o eventos que podamos organizar en relaci\u00f3n con proyectos o servicios que puedan ser de su inter\u00e9s.<\/p>\r\n<p>Realizar, en caso que se haya suscrito a nuestras Newsletters, el env\u00edo de las mismas tratando los datos facilitados para remit\u00edrselas.<\/p>\r\n<p>Realizar, si es el caso, el perfil de usuario para ofrecerle nuestros productos y servicios.<\/p>\r\n<p>\u00bfDurante cu\u00e1nto tiempo conservaremos sus datos?<\/p>\r\n<p>Los datos para la gesti\u00f3n de la relaci\u00f3n con el asociado y la facturaci\u00f3n y cobro de los servicios ser\u00e1n conservados durante todo el tiempo en que el contrato est\u00e9 vigente. Una vez finalizada esta relaci\u00f3n, si es el caso, los datos podr\u00e1n ser conservados durante el tiempo exigido por la legislaci\u00f3n aplicable y hasta que prescriban las eventuales responsabilidades derivadas del contrato.<\/p>\r\n<p>Los datos relativos a publicaciones de comentarios sobre nuestros productos se mantendr\u00e1n durante la vigencia y publicidad de los productos o servicios a los cuales hacen referencia, salvo que se exprese su deseo de que sean eliminados en cualquier momento.<\/p>\r\n<p>Los datos para la participaci\u00f3n en eventos y actividades se conservar\u00e1n durante el tiempo que duren los mismos, para gestionar su desarrollo y, despu\u00e9s, hasta que prescriban las posibles responsabilidades derivadas de la su realizaci\u00f3n.<\/p>\r\n<p>Los datos para el env\u00edo de newsletters ser\u00e1n conservados indefinidamente hasta que, si es el caso, nos manifiesten su voluntad de suprimirlos.<\/p>\r\n<p>Los datos para el env\u00edo de comunicaciones comerciales y elaboraci\u00f3n de perfiles comerciales de nuestros productos o servicios ser\u00e1n conservados indefinidamente hasta que, si es el caso, nos manifiesten su voluntad de suprimirlos.<\/p>\r\n<p>\u00bfCu\u00e1l es la legitimaci\u00f3n para el tratamiento de sus datos?<\/p>\r\n<p>\u2022 La base legal para el tratamiento de sus datos de las finalidades 1 a 3 es la ejecuci\u00f3n contractual de la prestaci\u00f3n del servicio correspondiente.<\/p>\r\n<p>\u2022 La oferta prospectiva de productos y servicios asociados tiene como base la satisfacci\u00f3n del inter\u00e9s leg\u00edtimo empresarial consistente en poder ofrecer a nuestros clientes la contrataci\u00f3n de otros productos o servicios y conseguir as\u00ed su fidelizaci\u00f3n. Este inter\u00e9s leg\u00edtimo se reconoce por la normativa legal aplicable (Reglamento General de Protecci\u00f3n de Datos), que permite expresamente el tratamiento de datos personales sobre esta base legal con fines de marketing directo.<\/p>\r\n<p>No obstante esto, le recordamos que tiene derecho a oponerse a este tratamiento de sus datos, y puede hacerlo por cualquiera de los medios descritos en esta Pol\u00edtica.<\/p>\r\n<p>\u2022 La base del env\u00edo de comunicaciones comerciales a usuarios no clientes es el consentimiento que se ha solicitado, y puede ser revocado en cualquier momento. La retirada de este consentimiento no afectar\u00e1 en ning\u00fan caso a la ejecuci\u00f3n del contrato, pero los tratamientos de datos con esta finalidad efectuados con anterioridad no perder\u00e1n su licitud por el hecho de que el consentimiento se haya revocado.<\/p>\r\n<p>\u00bfA qu\u00e9 destinatarios se comunicar\u00e1n sus datos?<\/p>\r\n<p>No se ceder\u00e1n datos a terceros excepto a:<\/p>\r\n<p>\u2022 A las entidades financieras a trav\u00e9s de las cuales se articule la gesti\u00f3n de cobros y pagos.<\/p>\r\n<p>\u2022 A las administraciones p\u00fablicas competentes, en los casos que prev\u00e9 la Ley y para los fines en ella definidos.<\/p>\r\n<p>\u00bfTransferencias de datos a terceros pa\u00edses?<\/p>\r\n<p>No se realizan transferencias internacionales de datos.<\/p>\r\n<p>\u00bfCu\u00e1les son sus derechos cuando nos facilitan sus datos?<\/p>\r\n<p>\u2022 Cualquier persona tiene derecho a obtener confirmaci\u00f3n sobre si en GR\u00c0CIACALBET estamos tratando datos personales que les conciernan, o no.<\/p>\r\n<p>\u2022 Las personas interesadas tienen derecho a acceder a sus datos personales, as\u00ed como a solicitar la rectificaci\u00f3n de los datos inexactos o, si es el caso, solicitar su supresi\u00f3n cuando, entre otros motivos, los datos ya no sean necesarios para los fines para los cuales fueron recogidos.<\/p>\r\n<p>\u2022 En determinadas circunstancias, los interesados podr\u00e1n solicitar la limitaci\u00f3n del tratamiento de sus datos o su portabilidad, en este caso \u00fanicamente los conservaremos para el ejercicio o la defensa de reclamaciones.<\/p>\r\n<p>\u2022 En determinadas circunstancias y por motivos relacionados con su situaci\u00f3n particular, los interesados podr\u00e1n oponerse al tratamiento de sus datos. En este caso, GR\u00c0CIACALBET dejar\u00e1 de tratar los datos, excepto por motivos leg\u00edtimos imperiosos, o el ejercicio o la defensa de posibles reclamaciones.<\/p>\r\n<p>Usted podr\u00e1 ejercer materialmente sus derechos de la siguiente manera:<\/p>\r\n<p>Por correo electr\u00f3nico adjuntando copia de su DNI a: info@nombreempresa.com<\/p>\r\n<p>Por correo postal: 08007 Barcelona, Gran Via Corts Catalanes 617, 3\u00ba 2\u00aa, adjuntando fotocopia de su DNI.<\/p>\r\n<p>A la direcci\u00f3n de correo electr\u00f3nico y correo postal indicada, le ofreceremos los formularios correspondientes para ejercitar materialmente estos derechos.<\/p>\r\n<p>\u2022 Si ha otorgado su consentimiento para alguna finalidad concreta, tiene derecho a retirar el consentimiento otorgado en cualquier momento, sin que esto afecte la licitud del tratamiento basado en su consentimiento previo a su retirada.<\/p>\r\n<p>\u2022 En el cas que considere vulnerados sus derechos por lo que respecta a la protecci\u00f3n de sus datos personales, especialmente cuando no haya obtenido satisfacci\u00f3n en el ejercicio de sus derechos, puede presentar una reclamaci\u00f3n ante la Autoridad de Control en materia de protecci\u00f3n de datos competente a trav\u00e9s de su sitio web: www.agpd.es.<\/p>\r\n<p>\u00bfC\u00f3mo hemos obtenido sus datos?<\/p>\r\n<p>Los datos personales que tratamos en GR\u00c0CIACALBET proceden de los propios interesados o su representante legal.<\/p>\r\n<p>Os recordamos que no deber\u00eda proporcionar datos de terceros salvo que tenga permiso para hacerlos y que previamente haya estado informado.<\/p>\r\n<p>No se tratan categor\u00edas especiales de datos personales (son aquellos datos que revelen el origen \u00e9tnico o racial, las opiniones pol\u00edticas, las convicciones religiosas o filos\u00f3ficas, o la afiliaci\u00f3n sindical, datos gen\u00e9ticos, datos biom\u00e9tricos dirigidos a identificar de manera un\u00edvoca a una persona f\u00edsica, datos relativos a la salud o datos relativos a la vida sexual o cu\u00e1l es la orientaci\u00f3n sexual de una persona f\u00edsica).<\/p>","protected":false},"excerpt":{"rendered":"<p>En GR\u00c0CIACALBET trabajamos para garantizar la privacidad en el tratamiento de sus datos personales. Hemos actualizado nuestra Pol\u00edtica de Privacidad para informar claramente de c\u00f3mo recogemos, utilizamos y custodiamos los datos de las personas que contactan con nuestra empresa: \u2022 Responsable del tratamiento \u2022 Finalidades del tratamiento de datos \u2022 Per\u00edodo de conservaci\u00f3n de datos<a href=\"https:\/\/graciacalbet.com\/ca\/politica-de-privacitat\/\">Continue reading <span class=\"sr-only\">&#8220;Pol\u00edtica de privacitat&#8221;<\/span><\/a><\/p>\n","protected":false},"author":1,"featured_media":0,"parent":0,"menu_order":0,"comment_status":"closed","ping_status":"closed","template":"","meta":{"_acf_changed":false,"inline_featured_image":false,"footnotes":""},"service-type":[],"class_list":["post-1912","page","type-page","status-publish","hentry"],"acf":[],"_links":{"self":[{"href":"https:\/\/graciacalbet.com\/ca\/wp-json\/wp\/v2\/pages\/1912","targetHints":{"allow":["GET"]}}],"collection":[{"href":"https:\/\/graciacalbet.com\/ca\/wp-json\/wp\/v2\/pages"}],"about":[{"href":"https:\/\/graciacalbet.com\/ca\/wp-json\/wp\/v2\/types\/page"}],"author":[{"embeddable":true,"href":"https:\/\/graciacalbet.com\/ca\/wp-json\/wp\/v2\/users\/1"}],"replies":[{"embeddable":true,"href":"https:\/\/graciacalbet.com\/ca\/wp-json\/wp\/v2\/comments?post=1912"}],"version-history":[{"count":1,"href":"https:\/\/graciacalbet.com\/ca\/wp-json\/wp\/v2\/pages\/1912\/revisions"}],"predecessor-version":[{"id":1913,"href":"https:\/\/graciacalbet.com\/ca\/wp-json\/wp\/v2\/pages\/1912\/revisions\/1913"}],"wp:attachment":[{"href":"https:\/\/graciacalbet.com\/ca\/wp-json\/wp\/v2\/media?parent=1912"}],"wp:term":[{"taxonomy":"service-type","embeddable":true,"href":"https:\/\/graciacalbet.com\/ca\/wp-json\/wp\/v2\/service-type?post=1912"}],"curies":[{"name":"wp","href":"https:\/\/api.w.org\/{rel}","templated":true}]}}