{"id":1979,"date":"2025-09-15T08:36:17","date_gmt":"2025-09-15T06:36:17","guid":{"rendered":"https:\/\/graciacalbet.com\/serveis\/dret-administratiu\/funcio-publica-i-ocupacio\/"},"modified":"2025-10-09T14:21:26","modified_gmt":"2025-10-09T12:21:26","slug":"funcio-publica-i-ocupacio","status":"publish","type":"page","link":"https:\/\/graciacalbet.com\/ca\/serveis\/dret-administratiu\/funcio-publica-i-ocupacio\/","title":{"rendered":"Funci\u00f3 p\u00fablica i ocupaci\u00f3"},"content":{"rendered":"","protected":false},"excerpt":{"rendered":"","protected":false},"author":1,"featured_media":0,"parent":1958,"menu_order":0,"comment_status":"closed","ping_status":"closed","template":"page-services_child.php","meta":{"_acf_changed":false,"inline_featured_image":false,"footnotes":""},"service-type":[137],"class_list":["post-1979","page","type-page","status-publish","hentry","service-type-contractacio-publica"],"acf":[],"_links":{"self":[{"href":"https:\/\/graciacalbet.com\/ca\/wp-json\/wp\/v2\/pages\/1979","targetHints":{"allow":["GET"]}}],"collection":[{"href":"https:\/\/graciacalbet.com\/ca\/wp-json\/wp\/v2\/pages"}],"about":[{"href":"https:\/\/graciacalbet.com\/ca\/wp-json\/wp\/v2\/types\/page"}],"author":[{"embeddable":true,"href":"https:\/\/graciacalbet.com\/ca\/wp-json\/wp\/v2\/users\/1"}],"replies":[{"embeddable":true,"href":"https:\/\/graciacalbet.com\/ca\/wp-json\/wp\/v2\/comments?post=1979"}],"version-history":[{"count":1,"href":"https:\/\/graciacalbet.com\/ca\/wp-json\/wp\/v2\/pages\/1979\/revisions"}],"predecessor-version":[{"id":4367,"href":"https:\/\/graciacalbet.com\/ca\/wp-json\/wp\/v2\/pages\/1979\/revisions\/4367"}],"up":[{"embeddable":true,"href":"https:\/\/graciacalbet.com\/ca\/wp-json\/wp\/v2\/pages\/1958"}],"wp:attachment":[{"href":"https:\/\/graciacalbet.com\/ca\/wp-json\/wp\/v2\/media?parent=1979"}],"wp:term":[{"taxonomy":"service-type","embeddable":true,"href":"https:\/\/graciacalbet.com\/ca\/wp-json\/wp\/v2\/service-type?post=1979"}],"curies":[{"name":"wp","href":"https:\/\/api.w.org\/{rel}","templated":true}]}}