{"id":1992,"date":"2025-09-12T10:09:43","date_gmt":"2025-09-12T08:09:43","guid":{"rendered":"https:\/\/graciacalbet.com\/serveis\/dret-civil\/contractacio-civil-i-mercantil-distribucio-agencia-proveidors\/"},"modified":"2025-10-10T08:41:12","modified_gmt":"2025-10-10T06:41:12","slug":"contractacio-civil-i-mercantil-distribucio-agencia-proveidors","status":"publish","type":"page","link":"https:\/\/graciacalbet.com\/ca\/serveis\/mercantil-i-societari\/contractacio-civil-i-mercantil-distribucio-agencia-proveidors\/","title":{"rendered":"Contractaci\u00f3 civil i mercantil: distribuci\u00f3, ag\u00e8ncia, prove\u00efdors"},"content":{"rendered":"","protected":false},"excerpt":{"rendered":"","protected":false},"author":1,"featured_media":0,"parent":2343,"menu_order":0,"comment_status":"closed","ping_status":"closed","template":"page-services_child.php","meta":{"_acf_changed":false,"inline_featured_image":false,"footnotes":""},"service-type":[189],"class_list":["post-1992","page","type-page","status-publish","hentry","service-type-contractacio-civil-i-mercantil"],"acf":[],"_links":{"self":[{"href":"https:\/\/graciacalbet.com\/ca\/wp-json\/wp\/v2\/pages\/1992","targetHints":{"allow":["GET"]}}],"collection":[{"href":"https:\/\/graciacalbet.com\/ca\/wp-json\/wp\/v2\/pages"}],"about":[{"href":"https:\/\/graciacalbet.com\/ca\/wp-json\/wp\/v2\/types\/page"}],"author":[{"embeddable":true,"href":"https:\/\/graciacalbet.com\/ca\/wp-json\/wp\/v2\/users\/1"}],"replies":[{"embeddable":true,"href":"https:\/\/graciacalbet.com\/ca\/wp-json\/wp\/v2\/comments?post=1992"}],"version-history":[{"count":1,"href":"https:\/\/graciacalbet.com\/ca\/wp-json\/wp\/v2\/pages\/1992\/revisions"}],"predecessor-version":[{"id":4241,"href":"https:\/\/graciacalbet.com\/ca\/wp-json\/wp\/v2\/pages\/1992\/revisions\/4241"}],"up":[{"embeddable":true,"href":"https:\/\/graciacalbet.com\/ca\/wp-json\/wp\/v2\/pages\/2343"}],"wp:attachment":[{"href":"https:\/\/graciacalbet.com\/ca\/wp-json\/wp\/v2\/media?parent=1992"}],"wp:term":[{"taxonomy":"service-type","embeddable":true,"href":"https:\/\/graciacalbet.com\/ca\/wp-json\/wp\/v2\/service-type?post=1992"}],"curies":[{"name":"wp","href":"https:\/\/api.w.org\/{rel}","templated":true}]}}