{"id":1994,"date":"2025-09-12T10:24:18","date_gmt":"2025-09-12T08:24:18","guid":{"rendered":"https:\/\/graciacalbet.com\/serveis\/dret-civil\/custodia-de-fills-regim-de-visites-i-pensio-daliments\/"},"modified":"2025-10-10T08:07:26","modified_gmt":"2025-10-10T06:07:26","slug":"custodia-de-fills-regim-de-visites-i-pensio-daliments","status":"publish","type":"page","link":"https:\/\/graciacalbet.com\/ca\/serveis\/dret-civil\/custodia-de-fills-regim-de-visites-i-pensio-daliments\/","title":{"rendered":"Cust\u00f2dia de fills, r\u00e8gim de visites i pensi\u00f3 d\u2019aliments"},"content":{"rendered":"","protected":false},"excerpt":{"rendered":"","protected":false},"author":1,"featured_media":0,"parent":1986,"menu_order":0,"comment_status":"closed","ping_status":"closed","template":"page-services_child.php","meta":{"_acf_changed":false,"inline_featured_image":false,"footnotes":""},"service-type":[150],"class_list":["post-1994","page","type-page","status-publish","hentry","service-type-dret-de-familia"],"acf":[],"_links":{"self":[{"href":"https:\/\/graciacalbet.com\/ca\/wp-json\/wp\/v2\/pages\/1994","targetHints":{"allow":["GET"]}}],"collection":[{"href":"https:\/\/graciacalbet.com\/ca\/wp-json\/wp\/v2\/pages"}],"about":[{"href":"https:\/\/graciacalbet.com\/ca\/wp-json\/wp\/v2\/types\/page"}],"author":[{"embeddable":true,"href":"https:\/\/graciacalbet.com\/ca\/wp-json\/wp\/v2\/users\/1"}],"replies":[{"embeddable":true,"href":"https:\/\/graciacalbet.com\/ca\/wp-json\/wp\/v2\/comments?post=1994"}],"version-history":[{"count":1,"href":"https:\/\/graciacalbet.com\/ca\/wp-json\/wp\/v2\/pages\/1994\/revisions"}],"predecessor-version":[{"id":4376,"href":"https:\/\/graciacalbet.com\/ca\/wp-json\/wp\/v2\/pages\/1994\/revisions\/4376"}],"up":[{"embeddable":true,"href":"https:\/\/graciacalbet.com\/ca\/wp-json\/wp\/v2\/pages\/1986"}],"wp:attachment":[{"href":"https:\/\/graciacalbet.com\/ca\/wp-json\/wp\/v2\/media?parent=1994"}],"wp:term":[{"taxonomy":"service-type","embeddable":true,"href":"https:\/\/graciacalbet.com\/ca\/wp-json\/wp\/v2\/service-type?post=1994"}],"curies":[{"name":"wp","href":"https:\/\/api.w.org\/{rel}","templated":true}]}}