{"id":2070,"date":"2025-09-15T11:01:58","date_gmt":"2025-09-15T09:01:58","guid":{"rendered":"https:\/\/graciacalbet.com\/serveis\/especialitat\/discapacitats-tutories-i-proteccio-patrimonial\/planificacio-successoria-per-a-la-proteccio-de-persones-amb-discapacitat\/"},"modified":"2025-10-10T08:15:12","modified_gmt":"2025-10-10T06:15:12","slug":"planificacio-successoria-per-a-la-proteccio-de-persones-amb-discapacitat","status":"publish","type":"page","link":"https:\/\/graciacalbet.com\/ca\/serveis\/especialitat\/discapacitats-tutories-i-proteccio-patrimonial\/planificacio-successoria-per-a-la-proteccio-de-persones-amb-discapacitat\/","title":{"rendered":"Planificaci\u00f3 success\u00f2ria per a la protecci\u00f3 de persones amb discapacitat"},"content":{"rendered":"","protected":false},"excerpt":{"rendered":"","protected":false},"author":1,"featured_media":0,"parent":2060,"menu_order":0,"comment_status":"closed","ping_status":"closed","template":"page-services_child.php","meta":{"_acf_changed":false,"inline_featured_image":false,"footnotes":""},"service-type":[159],"class_list":["post-2070","page","type-page","status-publish","hentry","service-type-discapacitats-tutories-i-proteccio-patrimonial"],"acf":[],"_links":{"self":[{"href":"https:\/\/graciacalbet.com\/ca\/wp-json\/wp\/v2\/pages\/2070","targetHints":{"allow":["GET"]}}],"collection":[{"href":"https:\/\/graciacalbet.com\/ca\/wp-json\/wp\/v2\/pages"}],"about":[{"href":"https:\/\/graciacalbet.com\/ca\/wp-json\/wp\/v2\/types\/page"}],"author":[{"embeddable":true,"href":"https:\/\/graciacalbet.com\/ca\/wp-json\/wp\/v2\/users\/1"}],"replies":[{"embeddable":true,"href":"https:\/\/graciacalbet.com\/ca\/wp-json\/wp\/v2\/comments?post=2070"}],"version-history":[{"count":1,"href":"https:\/\/graciacalbet.com\/ca\/wp-json\/wp\/v2\/pages\/2070\/revisions"}],"predecessor-version":[{"id":4328,"href":"https:\/\/graciacalbet.com\/ca\/wp-json\/wp\/v2\/pages\/2070\/revisions\/4328"}],"up":[{"embeddable":true,"href":"https:\/\/graciacalbet.com\/ca\/wp-json\/wp\/v2\/pages\/2060"}],"wp:attachment":[{"href":"https:\/\/graciacalbet.com\/ca\/wp-json\/wp\/v2\/media?parent=2070"}],"wp:term":[{"taxonomy":"service-type","embeddable":true,"href":"https:\/\/graciacalbet.com\/ca\/wp-json\/wp\/v2\/service-type?post=2070"}],"curies":[{"name":"wp","href":"https:\/\/api.w.org\/{rel}","templated":true}]}}