{"id":2193,"date":"2025-09-15T11:07:02","date_gmt":"2025-09-15T09:07:02","guid":{"rendered":"https:\/\/graciacalbet.com\/serveis\/especialitat\/planificacio-fiscal-i-herencies\/execucio-testamentaria-i-gestio-dherencies\/"},"modified":"2025-10-17T08:12:42","modified_gmt":"2025-10-17T06:12:42","slug":"execucio-testamentaria-i-gestio-dherencies","status":"publish","type":"page","link":"https:\/\/graciacalbet.com\/ca\/serveis\/especialitat\/planificacio-fiscal-i-herencies\/execucio-testamentaria-i-gestio-dherencies\/","title":{"rendered":"Execuci\u00f3 testament\u00e0ria i gesti\u00f3 d\u2019her\u00e8ncies"},"content":{"rendered":"","protected":false},"excerpt":{"rendered":"","protected":false},"author":1,"featured_media":0,"parent":2190,"menu_order":0,"comment_status":"closed","ping_status":"closed","template":"page-services_child.php","meta":{"_acf_changed":false,"inline_featured_image":false,"footnotes":""},"service-type":[171],"class_list":["post-2193","page","type-page","status-publish","hentry","service-type-planificacio-fiscal-i-herencies"],"acf":[],"_links":{"self":[{"href":"https:\/\/graciacalbet.com\/ca\/wp-json\/wp\/v2\/pages\/2193","targetHints":{"allow":["GET"]}}],"collection":[{"href":"https:\/\/graciacalbet.com\/ca\/wp-json\/wp\/v2\/pages"}],"about":[{"href":"https:\/\/graciacalbet.com\/ca\/wp-json\/wp\/v2\/types\/page"}],"author":[{"embeddable":true,"href":"https:\/\/graciacalbet.com\/ca\/wp-json\/wp\/v2\/users\/1"}],"replies":[{"embeddable":true,"href":"https:\/\/graciacalbet.com\/ca\/wp-json\/wp\/v2\/comments?post=2193"}],"version-history":[{"count":1,"href":"https:\/\/graciacalbet.com\/ca\/wp-json\/wp\/v2\/pages\/2193\/revisions"}],"predecessor-version":[{"id":4283,"href":"https:\/\/graciacalbet.com\/ca\/wp-json\/wp\/v2\/pages\/2193\/revisions\/4283"}],"up":[{"embeddable":true,"href":"https:\/\/graciacalbet.com\/ca\/wp-json\/wp\/v2\/pages\/2190"}],"wp:attachment":[{"href":"https:\/\/graciacalbet.com\/ca\/wp-json\/wp\/v2\/media?parent=2193"}],"wp:term":[{"taxonomy":"service-type","embeddable":true,"href":"https:\/\/graciacalbet.com\/ca\/wp-json\/wp\/v2\/service-type?post=2193"}],"curies":[{"name":"wp","href":"https:\/\/api.w.org\/{rel}","templated":true}]}}