{"id":2634,"date":"2025-07-11T13:13:30","date_gmt":"2025-07-11T11:13:30","guid":{"rendered":"https:\/\/graciacalbet.com\/?page_id=2634"},"modified":"2026-04-08T11:36:22","modified_gmt":"2026-04-08T09:36:22","slug":"cookies","status":"publish","type":"page","link":"https:\/\/graciacalbet.com\/it\/cookies\/","title":{"rendered":"Cookies"},"content":{"rendered":"<p>Un cookie \u00e8 un file che viene scaricato sul suo computer quando l\u2019Utente accede a determinate pagine web. I cookie consentono a una pagina web, tra le altre cose, di memorizzare e recuperare informazioni sulle abitudini di navigazione di un utente o del suo dispositivo e, a seconda delle informazioni che contengono e del modo in cui si utilizza il dispositivo, possono essere utilizzati per riconoscere l\u2019utente.<\/p>\n<p><strong>Quali tipi di cookie esistono?<\/strong><\/p>\n<p>Esistono diversi tipi di cookie a seconda di differenti criteri:<\/p>\n<p><strong>In base al tempo in cui restano attivi:<\/strong><\/p>\n<p>Cookie di sessione. Sono un tipo di cookie progettati per raccogliere e memorizzare dati mentre l\u2019utente accede a una pagina web.<\/p>\n<p>Cookie permanenti. Sono un tipo di cookie in cui i dati restano memorizzati nel terminale e possono essere consultati e trattati per un periodo definito dal responsabile del cookie.<\/p>\n<p><strong>In base alla titolarit\u00e0:<\/strong><\/p>\n<p>Cookie propri. Sono quelli che appartengono a GR\u00c0CIA I CALBET SLP.<\/p>\n<p>Cookie di terze parti. Sono quelli la cui titolarit\u00e0 appartiene a un terzo, diverso da GR\u00c0CIA I CALBET SLP, che sar\u00e0 colui che tratter\u00e0 le informazioni raccolte.<\/p>\n<p><strong>In base alla finalit\u00e0:<\/strong><\/p>\n<p>Cookie tecnici e\/o di personalizzazione. Sono quelli che servono a migliorare il servizio, localizzare problemi, riconoscere l\u2019utente, ecc.<\/p>\n<p>Cookie di analisi e\/o pubblicitari. Sono quelli che servono ad analizzare informazioni sulla navigazione e offrire pubblicit\u00e0, sia generica che personalizzata.<\/p>\n<p><strong>Quali tipi di cookie sono pi\u00f9 comuni?<\/strong><\/p>\n<p><strong>TECNICI:<\/strong> Sono cookie PROPRI, di sessione, di identificazione, di configurazione e di registrazione, strettamente necessari per l\u2019identificazione dell\u2019utente e per la prestazione dei servizi richiesti dall\u2019utente. Le informazioni ottenute attraverso di essi sono trattate unicamente da NOME AZIENDA.<\/p>\n<p><strong>DI ANALISI:<\/strong> Sono quelli che, trattati da noi o da terzi, ci consentono di quantificare il numero di utenti e cos\u00ec effettuare la misurazione e l\u2019analisi statistica dell\u2019utilizzo che gli utenti fanno del servizio offerto. Per questo motivo si analizza la sua navigazione nel nostro sito web al fine di migliorare l\u2019offerta di prodotti o servizi che le offriamo.<\/p>\n<p><strong>PUBBLICITARI:<\/strong> Sono quelli che, trattati da noi o da terzi, permettono la gestione, nel modo pi\u00f9 efficace possibile, degli spazi pubblicitari che possono essere inclusi nel nostro sito web e\/o memorizzare informazioni sul comportamento degli utenti ottenute attraverso l\u2019osservazione continuata. Grazie a essi, possiamo conoscere le abitudini di navigazione su Internet e mostrargli pubblicit\u00e0 correlata al suo profilo di navigazione.<\/p>\n<p><strong>A cosa serve un cookie?<\/strong><\/p>\n<p>I cookie vengono utilizzati per poter offrire servizi e\/o pubblicit\u00e0 personalizzati, per analizzare il funzionamento del sistema, riconoscere quando accede come utente, localizzare problemi e risolverli nel pi\u00f9 breve tempo possibile, nonch\u00e9 analizzare e misurare l\u2019uso e l\u2019attivit\u00e0 del sito web.<\/p>\n<p><strong>Serve il mio consenso per installare un cookie?<\/strong><\/p>\n<p>Non \u00e8 necessario il consenso per l\u2019installazione di cookie tecnici o di quelli strettamente necessari per la prestazione di un servizio della societ\u00e0 dell\u2019informazione espressamente richiesto dal destinatario.<\/p>\n<p>Per gli altri, \u00e8 invece necessario il consenso dell\u2019interessato che pu\u00f2 essere richiesto con diverse modalit\u00e0. Nel caso di NOME AZIENDA, si intender\u00e0 concesso se lei continua a utilizzare il sito web, fermo restando che in qualsiasi momento potr\u00e0 revocare e disattivare i cookie.<\/p>\n<p><strong>Quali tipi di cookie utilizza questo sito web?<\/strong><\/p>\n<p>Cookie tecnici: Sono quelli creati e gestiti unicamente da noi, e consentono all\u2019utente la navigazione attraverso il nostro sito web e l\u2019utilizzo delle diverse opzioni come, ad esempio, identificare la sessione, personalizzare informazioni o accedere a zone a accesso riservato.<\/p>\n<p>Il sito web di NOME AZIENDA utilizza (o pu\u00f2 utilizzare) Google Analytics, uno strumento di analisi web sviluppato da Google, che aiuta i proprietari dei siti web a misurare come interagiscono gli utenti con i contenuti del sito. Per la prestazione di questi servizi, Google Analytics utilizza cookie che raccolgono informazioni, compreso l\u2019indirizzo IP dell\u2019utente che sar\u00e0 trasmesso, trattato e memorizzato da Google nei termini stabiliti sul sito Google.com.<\/p>\n<p>Per ulteriori informazioni consultare:<\/p>\n<p><a href=\"https:\/\/developers.google.com\/analytics\/devguides\/collection\/analyticsjs\/cookie-usage\" target=\"_blank\" rel=\"noopener\">https:\/\/developers.google.com\/analytics\/devguides\/collection\/analyticsjs\/cookie-usage<br \/>\n<\/a><\/p>\n<p>Il dominio web www.graciacalbet.com<br \/>\nutilizza i seguenti tipi di cookie:<\/p>\n<p>compilanceCookie \u2014 Nascondere il messaggio sulla politica dei cookie, scade dopo 2 anni<\/p>\n<p>kirby<em>session e kirby<\/em>session_auth \u2014 Cookie tecnici, permettono la navigazione tra lingue<\/p>\n<p><strong>Come disattivare i cookie?<\/strong><\/p>\n<p>Pu\u00f2 consentire, bloccare o eliminare i cookie installati sul suo dispositivo tramite la configurazione delle opzioni del browser sul suo computer.<\/p>\n<p>Firefox: <a href=\"https:\/\/support.mozilla.org\/es\/kb\/habilitar-y-deshabilitar-cookies-sitios-web-rastrear-preferencias?redirectlocale=es&amp;redirectslug=habilitar-y-deshabilitar-cookies-que-los-sitios-we\" target=\"_blank\" rel=\"noopener\">https:\/\/support.mozilla.org\/es\/kb\/habilitar-y-deshabilitar-cookies-sitios-web-rastrear-preferencias?redirectlocale=es&amp;redirectslug=habilitar-y-deshabilitar-cookies-que-los-sitios-we<br \/>\n<\/a><\/p>\n<p>Chrome: <a href=\"https:\/\/support.google.com\/chrome\/answer\/95647?hl=es\" target=\"_blank\" rel=\"noopener\">https:\/\/support.google.com\/chrome\/answer\/95647?hl=es<br \/>\n<\/a><\/p>\n<p>Internet Explorer: <a href=\"https:\/\/support.microsoft.com\/es-es\/products\/windows?os=windows-10\" target=\"_blank\" rel=\"noopener\">https:\/\/support.microsoft.com\/es-es\/products\/windows?os=windows-10<br \/>\n<\/a><\/p>\n<p>Safari: <a href=\"https:\/\/support.apple.com\/kb\/ph5042?locale=es_ES\" target=\"_blank\" rel=\"noopener\">https:\/\/support.apple.com\/kb\/ph5042?locale=es_ES<br \/>\n<\/a><\/p>\n<p>Safari per iOS: <a href=\"https:\/\/support.apple.com\/es-es\/HT201265\" target=\"_blank\" rel=\"noopener\">https:\/\/support.apple.com\/es-es\/HT201265<br \/>\n<\/a><\/p>\n<p>Opera: <a href=\"http:\/\/help.opera.com\/Windows\/11.50\/es-ES\/cookies.html\" target=\"_blank\" rel=\"noopener\">http:\/\/help.opera.com\/Windows\/11.50\/es-ES\/cookies.html<br \/>\n<\/a><\/p>\n<p><strong>Configurazione, consultazione e disattivazione dei cookie<\/strong><\/p>\n<p>Quando accede al sito web riceve un avviso relativo all\u2019uso dei cookie, che le conferisce accesso a questa Politica sui Cookie per la sua lettura e conoscenza. Se clicca su \u201caccetta\u201d, lei accetta l\u2019installazione e l\u2019uso dei cookie. Pu\u00f2 consentire, disabilitare, bloccare o eliminare i cookie tramite la configurazione delle opzioni del browser installato sul suo dispositivo:<\/p>\n<p><strong>Chrome<\/strong>, da <a href=\"http:\/\/support.google.com\/chrome\/bin\/answer.py?hl=es&amp;answer=95647\" target=\"_blank\" rel=\"noopener\">http:\/\/support.google.com\/chrome\/bin\/answer.py?hl=es&amp;answer=95647<br \/>\n<\/a><\/p>\n<p><strong>Safari<\/strong>, da <a href=\"http:\/\/support.apple.com\/kb\/ph5042\" target=\"_blank\" rel=\"noopener\">http:\/\/support.apple.com\/kb\/ph5042<br \/>\n<\/a><\/p>\n<p><strong>Microsoft Edge<\/strong>, da <a href=\"http:\/\/windows.microsoft.com\/es-es\/windows7\/how-to-manage-cookies-in-internet-explorer-9\" target=\"_blank\" rel=\"noopener\">http:\/\/windows.microsoft.com\/es-es\/windows7\/how-to-manage-cookies-in-internet-explorer-9<br \/>\n<\/a><\/p>\n<p><strong>Firefox<\/strong>, da <a href=\"http:\/\/support.mozilla.org\/es\/kb\/habilitar-y-deshabilitar-cookies-que-los-sitios-we\" target=\"_blank\" rel=\"noopener\">http:\/\/support.mozilla.org\/es\/kb\/habilitar-y-deshabilitar-cookies-que-los-sitios-we<br \/>\n<\/a><\/p>\n<p>Tutto ci\u00f2 che riguarda i cookie di Google, sia analitici che pubblicitari, nonch\u00e9 la loro gestione e configurazione, pu\u00f2 essere consultato su:<\/p>\n<p><a href=\"http:\/\/www.google.es\/intl\/es\/policies\/technologies\/types\/\" target=\"_blank\" rel=\"noopener\">http:\/\/www.google.es\/intl\/es\/policies\/technologies\/types\/<br \/>\n<\/a><\/p>\n<p><a href=\"http:\/\/www.google.es\/policies\/technologies\/ads\/\" target=\"_blank\" rel=\"noopener\">http:\/\/www.google.es\/policies\/technologies\/ads\/<br \/>\n<\/a><\/p>\n<p><a href=\"https:\/\/developers.google.com\/analytics\/devguides\/collection\/analyticsjs\/cookie-usage\" target=\"_blank\" rel=\"noopener\">https:\/\/developers.google.com\/analytics\/devguides\/collection\/analyticsjs\/cookie-usage<br \/>\n<\/a><\/p>\n<p>Se decide di disabilitare i Cookie non potremo offrirle alcuni dei nostri servizi.<\/p>\n<p>Siamo comunque a sua disposizione per qualsiasi domanda sui cookie all\u2019indirizzo <a href=\"mailto:info@graciacalbet.com\">info@graciacalbet.com<br \/>\n<\/a><\/p>\n<p><strong>Aggiornamento dei cookie<\/strong><\/p>\n<p>I cookie di graciacalbet.com possono essere aggiornati, pertanto consigliamo di consultare regolarmente la nostra politica sui cookie.<\/p>\n","protected":false},"excerpt":{"rendered":"<p>Un cookie \u00e8 un file che viene scaricato sul suo computer quando l\u2019Utente accede a determinate pagine web. I cookie consentono a una pagina web, tra le altre cose, di memorizzare e recuperare informazioni sulle abitudini di navigazione di un utente o del suo dispositivo e, a seconda delle informazioni che contengono e del modo<a href=\"https:\/\/graciacalbet.com\/it\/cookies\/\">Continue reading <span class=\"sr-only\">&#8220;Cookies&#8221;<\/span><\/a><\/p>\n","protected":false},"author":1,"featured_media":0,"parent":0,"menu_order":0,"comment_status":"closed","ping_status":"closed","template":"","meta":{"_acf_changed":false,"inline_featured_image":false,"footnotes":""},"service-type":[],"class_list":["post-2634","page","type-page","status-publish","hentry"],"acf":[],"_links":{"self":[{"href":"https:\/\/graciacalbet.com\/it\/wp-json\/wp\/v2\/pages\/2634","targetHints":{"allow":["GET"]}}],"collection":[{"href":"https:\/\/graciacalbet.com\/it\/wp-json\/wp\/v2\/pages"}],"about":[{"href":"https:\/\/graciacalbet.com\/it\/wp-json\/wp\/v2\/types\/page"}],"author":[{"embeddable":true,"href":"https:\/\/graciacalbet.com\/it\/wp-json\/wp\/v2\/users\/1"}],"replies":[{"embeddable":true,"href":"https:\/\/graciacalbet.com\/it\/wp-json\/wp\/v2\/comments?post=2634"}],"version-history":[{"count":2,"href":"https:\/\/graciacalbet.com\/it\/wp-json\/wp\/v2\/pages\/2634\/revisions"}],"predecessor-version":[{"id":2636,"href":"https:\/\/graciacalbet.com\/it\/wp-json\/wp\/v2\/pages\/2634\/revisions\/2636"}],"wp:attachment":[{"href":"https:\/\/graciacalbet.com\/it\/wp-json\/wp\/v2\/media?parent=2634"}],"wp:term":[{"taxonomy":"service-type","embeddable":true,"href":"https:\/\/graciacalbet.com\/it\/wp-json\/wp\/v2\/service-type?post=2634"}],"curies":[{"name":"wp","href":"https:\/\/api.w.org\/{rel}","templated":true}]}}