{"id":2686,"date":"2025-07-11T13:13:21","date_gmt":"2025-07-11T11:13:21","guid":{"rendered":"https:\/\/graciacalbet.com\/?page_id=2686"},"modified":"2026-04-08T11:35:57","modified_gmt":"2026-04-08T09:35:57","slug":"informazioni-legali","status":"publish","type":"page","link":"https:\/\/graciacalbet.com\/it\/informazioni-legali\/","title":{"rendered":"Informazioni legali"},"content":{"rendered":"<p><strong>1. OGGETTO<\/strong><\/p>\n<p>Il presente avviso legale regola l\u2019uso e l\u2019utilizzo del sito web [www.graciacalbet.com](http:\/\/www.graciacalbet.com), di cui \u00e8 titolare GR\u00c0CIA I CALBET, S.L.P. (di seguito, IL PROPRIETARIO DEL SITO WEB).<\/p>\n<p>La navigazione sul sito web del PROPRIETARIO DEL SITO WEB attribuisce all\u2019utente la condizione di UTENTE dello stesso e comporta l\u2019accettazione piena e senza riserve di tutte e ciascuna delle condizioni pubblicate nel presente avviso legale, avvertendo che tali condizioni potranno essere modificate senza preavviso da parte del PROPRIETARIO DEL SITO WEB; in tal caso verranno pubblicate e comunicate con la massima tempestivit\u00e0 possibile.<\/p>\n<p>Per questo motivo \u00e8 consigliabile leggere attentamente il contenuto nel caso si desideri accedere e fare uso delle informazioni e dei servizi offerti da questo sito web.<\/p>\n<p>L\u2019utente, inoltre, si impegna a fare un uso corretto del sito web in conformit\u00e0 con le leggi, la buona fede, l\u2019ordine pubblico, gli usi del traffico e il presente Avviso Legale, e risponder\u00e0 di fronte al PROPRIETARIO DEL SITO WEB o a terzi per qualsiasi danno e pregiudizio che possa derivare dall\u2019inadempimento di tale obbligo.<\/p>\n<p>Qualsiasi utilizzo diverso da quello autorizzato \u00e8 espressamente vietato e il PROPRIETARIO DEL SITO WEB pu\u00f2 negare o revocare l\u2019accesso e l\u2019uso in qualsiasi momento.<\/p>\n<p><strong>2. IDENTIFICAZIONE<\/strong><\/p>\n<p>IL PROPRIETARIO DEL SITO WEB, in conformit\u00e0 con la Legge 34\/2002, dell\u201911 luglio, sui Servizi della Societ\u00e0 dell\u2019Informazione e sul Commercio Elettronico, informa che:<\/p>\n<p>La sua denominazione sociale \u00e8: GR\u00c0CIA I CALBET, S.L.P.<\/p>\n<p>\u2022 Il suo CIF \u00e8: B-63085955<\/p>\n<p>\u2022 La sua sede sociale \u00e8: 08007 Barcellona, Gran Via Corts Catalanes 617, 3\u00ba 2\u00aa<\/p>\n<p>\u2022 Iscritta al Registro Mercantile di Barcellona<\/p>\n<p><strong>3. COMUNICAZIONI<\/strong><\/p>\n<p>Per comunicare con noi, mettiamo a sua disposizione diversi mezzi di contatto che dettagliamo di seguito:<\/p>\n<p>\u2022 Tel: 933170429<\/p>\n<p>\u2022 Mail: [info@graciacalbet.com](mailto:info@graciacalbet.com)<\/p>\n<p>Tutte le notifiche e comunicazioni tra gli utenti e IL PROPRIETARIO DEL SITO WEB si considereranno efficaci, a tutti gli effetti, quando si realizzino attraverso uno qualsiasi dei mezzi sopra indicati.<\/p>\n<p><strong>4. CONDIZIONI DI ACCESSO E UTILIZZO<\/strong><\/p>\n<p>Il sito web e i suoi servizi sono di libero e gratuito accesso. Tuttavia, IL PROPRIETARIO DEL SITO WEB pu\u00f2 subordinare l\u2019utilizzo di alcuni dei servizi offerti sul proprio sito alla previa compilazione dell\u2019apposito modulo.<\/p>\n<p>L\u2019utente garantisce l\u2019autenticit\u00e0 e l\u2019attualit\u00e0 di tutti i dati che comunichi al PROPRIETARIO DEL SITO WEB ed \u00e8 l\u2019unico responsabile delle dichiarazioni false o inesatte che possa fare.<\/p>\n<p>L\u2019utente si impegna espressamente a fare un uso adeguato dei contenuti e dei servizi del PROPRIETARIO DEL SITO WEB e a non utilizzarli per, tra l\u2019altro:<\/p>\n<p>a) Diffondere contenuti illeciti, violenti, pornografici, razzisti, xenofobi, offensivi, di apologia del terrorismo o, in generale, contrari alla legge o all\u2019ordine pubblico.<\/p>\n<p>b) Introdurre in rete virus informatici o compiere azioni suscettibili di alterare, danneggiare, interrompere o generare errori o danni nei documenti elettronici, dati o sistemi fisici e logici del PROPRIETARIO DEL SITO WEB o di terzi; nonch\u00e9 ostacolare l\u2019accesso di altri utenti al sito web e ai suoi servizi mediante il consumo massiccio delle risorse informatiche attraverso le quali IL PROPRIETARIO DEL SITO WEB presta i suoi servizi.<\/p>\n<p>c) Tentare di accedere agli account di posta elettronica di altri utenti o ad aree riservate dei sistemi informatici del PROPRIETARIO DEL SITO WEB o di terzi e, se del caso, estrarre informazioni.<\/p>\n<p>d) Violare i diritti di propriet\u00e0 intellettuale o industriale, nonch\u00e9 violare la riservatezza delle informazioni del PROPRIETARIO DEL SITO WEB o di terzi.<\/p>\n<p>e) Usurpare l\u2019identit\u00e0 di qualsiasi altro utente.<\/p>\n<p>f) Riprodurre, copiare, distribuire, mettere a disposizione o qualsiasi altra forma di comunicazione pubblica, trasformare o modificare i contenuti, salvo che vi sia l\u2019autorizzazione del titolare dei relativi diritti o che ci\u00f2 sia legalmente consentito.<\/p>\n<p>g) Richiedere dati a fini pubblicitari e inviare pubblicit\u00e0 di qualsiasi tipo e comunicazioni a fini di vendita o di altra natura commerciale senza la previa richiesta o consenso.<\/p>\n<p>Tutti i contenuti del sito web, come testi, fotografie, grafici, immagini, icone, tecnologia, software, cos\u00ec come il suo design grafico e i codici sorgente, costituiscono un\u2019opera e sono di propriet\u00e0 del PROPRIETARIO DEL SITO WEB, senza che si possa intendere ceduto all\u2019utente alcun diritto di sfruttamento sugli stessi oltre a quanto strettamente necessario per il corretto uso del sito.<\/p>\n<p>In definitiva, gli utenti che accedono a questo sito web possono visualizzare i contenuti ed effettuare, se del caso, copie private autorizzate purch\u00e9 gli elementi riprodotti non vengano successivamente ceduti a terzi, n\u00e9 installati su server collegati in rete, n\u00e9 soggetti ad alcun tipo di sfruttamento.<\/p>\n<p>Allo stesso modo, tutti i marchi, i nomi commerciali o i segni distintivi di qualsiasi genere che appaiono sul sito web sono di propriet\u00e0 del PROPRIETARIO DEL SITO WEB, senza che l\u2019uso o l\u2019accesso allo stesso attribuisca all\u2019utente alcun diritto sugli stessi.<\/p>\n<p>La distribuzione, modifica, cessione o comunicazione pubblica dei contenuti e qualsiasi altro atto non espressamente autorizzato dal titolare dei diritti di sfruttamento sono vietati.<\/p>\n<p>L\u2019instaurazione di un collegamento ipertestuale non implica in alcun caso l\u2019esistenza di relazioni tra IL PROPRIETARIO DEL SITO WEB e il proprietario del sito web in cui esso sia stabilito, n\u00e9 l\u2019accettazione e approvazione da parte del PROPRIETARIO DEL SITO WEB dei suoi contenuti o servizi.<\/p>\n<p>IL PROPRIETARIO DEL SITO WEB non \u00e8 responsabile dell\u2019uso che ciascun utente faccia dei materiali messi a disposizione su questo sito n\u00e9 delle azioni che compia sulla base degli stessi.<\/p>\n<p><strong>ESCLUSIONE DI GARANZIE E DI RESPONSABILIT\u00c0 NELL\u2019ACCESSO E NELL\u2019UTILIZZO<\/strong><\/p>\n<p>Il contenuto del presente sito web \u00e8 di carattere generale e ha una finalit\u00e0 meramente informativa, senza che si garantisca pienamente l\u2019accesso a tutti i contenuti, n\u00e9 la loro esaustivit\u00e0, correttezza, validit\u00e0 o attualit\u00e0, n\u00e9 la loro idoneit\u00e0 o utilit\u00e0 per uno scopo specifico.<\/p>\n<p>IL PROPRIETARIO DEL SITO WEB esclude, nei limiti consentiti dall\u2019ordinamento giuridico, qualsiasi responsabilit\u00e0 per i danni di qualsiasi natura derivanti da:<\/p>\n<p>a) L\u2019impossibilit\u00e0 di accesso al sito web o la mancanza di veridicit\u00e0, accuratezza, esaustivit\u00e0 e\/o attualit\u00e0 dei contenuti, cos\u00ec come l\u2019esistenza di vizi e difetti di qualsiasi tipo dei contenuti trasmessi, diffusi, memorizzati, messi a disposizione, ai quali si sia avuto accesso attraverso il sito web o i servizi offerti.<\/p>\n<p>b) La presenza di virus o di altri elementi nei contenuti che possano produrre alterazioni nei sistemi informatici, documenti elettronici o dati degli utenti.<\/p>\n<p>c) L\u2019inadempimento delle leggi, della buona fede, dell\u2019ordine pubblico, degli usi del traffico e del presente avviso legale come conseguenza dell\u2019uso scorretto del sito web. In particolare, e a titolo esemplificativo, IL PROPRIETARIO DEL SITO WEB non si assume responsabilit\u00e0 per le azioni di terzi che violino diritti di propriet\u00e0 intellettuale e industriale, segreti aziendali, diritti all\u2019onore, alla riservatezza personale e familiare e all\u2019immagine, cos\u00ec come la normativa in materia di concorrenza sleale e pubblicit\u00e0 illecita.<\/p>\n<p>Allo stesso modo, IL PROPRIETARIO DEL SITO WEB declina qualsiasi responsabilit\u00e0 riguardo alle informazioni che si trovino al di fuori di questo sito e non siano gestite direttamente dal nostro webmaster. La funzione dei link presenti su questo sito \u00e8 esclusivamente quella di informare l\u2019utente dell\u2019esistenza di altre fonti idonee ad ampliare i contenuti offerti da questo sito. IL PROPRIETARIO DEL SITO WEB non garantisce n\u00e9 si assume responsabilit\u00e0 per il funzionamento o l\u2019accessibilit\u00e0 dei siti collegati; n\u00e9 suggerisce, invita o raccomanda la visita agli stessi, di conseguenza non sar\u00e0 responsabile del risultato ottenuto. IL PROPRIETARIO DEL SITO WEB non \u00e8 responsabile della creazione di collegamenti ipertestuali da parte di terzi.<\/p>\n<p><strong>4.2. PROCEDURA IN CASO DI ATTIVIT\u00c0 ILLECITE<\/strong><\/p>\n<p>Nel caso in cui qualsiasi utente o un terzo ritenga che esistano fatti o circostanze che rivelino il carattere illecito dell\u2019utilizzo di qualsiasi contenuto e\/o dello svolgimento di qualsiasi attivit\u00e0 nelle pagine web incluse o accessibili tramite il sito web, dovr\u00e0 inviare una notifica al PROPRIETARIO DEL SITO WEB identificandosi debitamente e specificando le presunte infrazioni.<\/p>\n<p><strong>4.3. PUBBLICAZIONI<\/strong><\/p>\n<p>Le informazioni amministrative fornite attraverso il sito web non sostituiscono la pubblicit\u00e0 legale delle leggi, normative, piani, disposizioni generali e atti che devono essere pubblicati formalmente nei bollettini ufficiali delle amministrazioni pubbliche, che costituiscono l\u2019unico strumento che attesta la loro autenticit\u00e0 e contenuto. Le informazioni disponibili su questo sito web devono essere intese come una guida senza valore legale.<\/p>\n<p><strong>5. LEGISLAZIONE APPLICABILE<\/strong><\/p>\n<p>Le presenti condizioni saranno regolate dalla legislazione spagnola vigente.<\/p>\n","protected":false},"excerpt":{"rendered":"<p>1. OGGETTO Il presente avviso legale regola l\u2019uso e l\u2019utilizzo del sito web [www.graciacalbet.com](http:\/\/www.graciacalbet.com), di cui \u00e8 titolare GR\u00c0CIA I CALBET, S.L.P. (di seguito, IL PROPRIETARIO DEL SITO WEB). La navigazione sul sito web del PROPRIETARIO DEL SITO WEB attribuisce all\u2019utente la condizione di UTENTE dello stesso e comporta l\u2019accettazione piena e senza riserve di<a href=\"https:\/\/graciacalbet.com\/it\/informazioni-legali\/\">Continue reading <span class=\"sr-only\">&#8220;Informazioni legali&#8221;<\/span><\/a><\/p>\n","protected":false},"author":1,"featured_media":0,"parent":0,"menu_order":0,"comment_status":"closed","ping_status":"closed","template":"","meta":{"_acf_changed":false,"inline_featured_image":false,"footnotes":""},"service-type":[],"class_list":["post-2686","page","type-page","status-publish","hentry"],"acf":[],"_links":{"self":[{"href":"https:\/\/graciacalbet.com\/it\/wp-json\/wp\/v2\/pages\/2686","targetHints":{"allow":["GET"]}}],"collection":[{"href":"https:\/\/graciacalbet.com\/it\/wp-json\/wp\/v2\/pages"}],"about":[{"href":"https:\/\/graciacalbet.com\/it\/wp-json\/wp\/v2\/types\/page"}],"author":[{"embeddable":true,"href":"https:\/\/graciacalbet.com\/it\/wp-json\/wp\/v2\/users\/1"}],"replies":[{"embeddable":true,"href":"https:\/\/graciacalbet.com\/it\/wp-json\/wp\/v2\/comments?post=2686"}],"version-history":[{"count":1,"href":"https:\/\/graciacalbet.com\/it\/wp-json\/wp\/v2\/pages\/2686\/revisions"}],"predecessor-version":[{"id":2687,"href":"https:\/\/graciacalbet.com\/it\/wp-json\/wp\/v2\/pages\/2686\/revisions\/2687"}],"wp:attachment":[{"href":"https:\/\/graciacalbet.com\/it\/wp-json\/wp\/v2\/media?parent=2686"}],"wp:term":[{"taxonomy":"service-type","embeddable":true,"href":"https:\/\/graciacalbet.com\/it\/wp-json\/wp\/v2\/service-type?post=2686"}],"curies":[{"name":"wp","href":"https:\/\/api.w.org\/{rel}","templated":true}]}}