{"id":2707,"date":"2025-07-08T08:17:14","date_gmt":"2025-07-08T06:17:14","guid":{"rendered":"https:\/\/graciacalbet.com\/?page_id=2707"},"modified":"2026-04-08T11:36:16","modified_gmt":"2026-04-08T09:36:16","slug":"politica-sulla-riservatezza","status":"publish","type":"page","link":"https:\/\/graciacalbet.com\/it\/politica-sulla-riservatezza\/","title":{"rendered":"Politica sulla riservatezza"},"content":{"rendered":"\r\n<p>In GR\u00c0CIACALBET lavoriamo per garantire la privacy nel trattamento dei suoi dati personali. Abbiamo aggiornato la nostra Politica sulla Privacy per informare chiaramente su come raccogliamo, utilizziamo e custodiamo i dati delle persone che contattano la nostra azienda: \u2022 Responsabile del trattamento \u2022 Finalit\u00e0 del trattamento dei dati \u2022 Periodo di conservazione dei dati \u2022 Legittimazione per il trattamento dei dati \u2022 Comunicazione dei dati \u2022 Trasferimenti internazionali di dati \u2022 I suoi diritti \u2022 Ottenimento dei suoi dati. Chi \u00e8 il responsabile del trattamento dei suoi dati? <strong>Ragione sociale: <\/strong>GR\u00c0CIA I CALBET SLP. <strong>Nome commerciale: <\/strong>GR\u00c0CIACALBET <strong>NIF: <\/strong>B-63085955 <strong>Indirizzo postale: <\/strong>08007 Barcellona, Gran Via Corts Catalanes 617, 3\u00ba 2\u00aa <strong>Telefono: <\/strong>933170429 <strong>Email: <\/strong><a href=\"mailto:info@nombreempresa.com\">info@graciacalbet.com<\/a> Con quale finalit\u00e0 trattiamo i suoi dati personali? In GR\u00c0CIACALBET il trattamento dei dati viene effettuato con le seguenti finalit\u00e0, a seconda del motivo per cui ce li abbia forniti: Gestire i dati forniti direttamente dall\u2019interessato per informare sui nostri prodotti e servizi, rispondere alla sua richiesta, domanda o consultazione ed effettuare un successivo follow-up. Gestire i dati forniti dall\u2019associato al momento della contrattazione dei nostri servizi, a livello organizzativo, contabile, fiscale e amministrativo, nonch\u00e9 informare sui servizi, eventi e notizie legati alla nostra attivit\u00e0 professionale che possano essere di suo interesse. Gestire i dati professionali dell\u2019UTENTE per la sua partecipazione ai diversi eventi o attivit\u00e0 che organizziamo e che ci abbia autorizzato, per informare su altre attivit\u00e0 o eventi che potremmo organizzare in relazione a progetti o servizi che possano essere di suo interesse. Effettuare, nel caso si sia iscritto alle nostre Newsletter, l\u2019invio delle stesse trattando i dati forniti per recapitarle. Effettuare, se del caso, il profilo utente per offrirgli i nostri prodotti e servizi. Per quanto tempo conserveremo i suoi dati? I dati per la gestione del rapporto con l\u2019associato e la fatturazione e riscossione dei servizi saranno conservati per tutto il tempo in cui il contratto sar\u00e0 in vigore. Una volta terminato tale rapporto, se del caso, i dati potranno essere conservati per il tempo richiesto dalla legislazione applicabile e fino alla prescrizione delle eventuali responsabilit\u00e0 derivanti dal contratto. I dati relativi a pubblicazioni di commenti sui nostri prodotti saranno mantenuti per la vigenza e la pubblicit\u00e0 dei prodotti o servizi ai quali fanno riferimento, salvo esprima la volont\u00e0 di eliminarli in qualsiasi momento. I dati per la partecipazione a eventi e attivit\u00e0 saranno conservati per la durata degli stessi, per gestirne lo svolgimento e, successivamente, fino alla prescrizione delle possibili responsabilit\u00e0 derivanti dalla loro realizzazione. I dati per l\u2019invio di newsletter saranno conservati indefinitamente fino a quando, se del caso, ci manifesti la volont\u00e0 di eliminarli. I dati per l\u2019invio di comunicazioni commerciali e l\u2019elaborazione di profili commerciali dei nostri prodotti o servizi saranno conservati indefinitamente fino a quando, se del caso, ci manifesti la volont\u00e0 di eliminarli. Qual \u00e8 la legittimazione per il trattamento dei suoi dati? \u2022 La base legale per il trattamento dei suoi dati per le finalit\u00e0 da 1 a 3 \u00e8 l\u2019esecuzione contrattuale della prestazione del servizio corrispondente. \u2022 L\u2019offerta prospettica di prodotti e servizi associati ha come base la soddisfazione dell\u2019interesse legittimo imprenditoriale consistente nel poter offrire ai nostri clienti la contrattazione di altri prodotti o servizi e ottenere cos\u00ec la loro fidelizzazione. Questo interesse legittimo \u00e8 riconosciuto dalla normativa legale applicabile (Regolamento Generale sulla Protezione dei Dati), che consente espressamente il trattamento di dati personali su questa base legale per finalit\u00e0 di marketing diretto. Tuttavia, le ricordiamo che ha diritto a opporsi a tale trattamento dei suoi dati e pu\u00f2 farlo con qualsiasi mezzo descritto in questa Politica. \u2022 La base per l\u2019invio di comunicazioni commerciali a utenti non clienti \u00e8 il consenso che \u00e8 stato richiesto, e pu\u00f2 essere revocato in qualsiasi momento. La revoca di tale consenso non influir\u00e0 in alcun caso sull\u2019esecuzione del contratto, ma i trattamenti di dati effettuati con tale finalit\u00e0 prima della revoca non perderanno la loro liceit\u00e0 per il fatto che il consenso sia stato revocato. A quali destinatari saranno comunicati i suoi dati? I dati non saranno ceduti a terzi salvo a: \u2022 Le entit\u00e0 finanziarie attraverso le quali si articoli la gestione di incassi e pagamenti. \u2022 Le amministrazioni pubbliche competenti, nei casi previsti dalla Legge e per le finalit\u00e0 in essa definite. Trasferimenti di dati a paesi terzi? Non vengono effettuati trasferimenti internazionali di dati. Quali sono i suoi diritti quando ci fornisce i suoi dati? \u2022 Chiunque ha diritto a ottenere conferma sul fatto che in GR\u00c0CIACALBET stiamo trattando dati personali che lo riguardano, o meno. \u2022 Le persone interessate hanno diritto ad accedere ai propri dati personali, nonch\u00e9 a richiedere la rettifica dei dati inesatti o, se del caso, a chiederne la cancellazione quando, tra l\u2019altro, i dati non siano pi\u00f9 necessari per le finalit\u00e0 per cui sono stati raccolti. \u2022 In determinate circostanze, gli interessati potranno richiedere la limitazione del trattamento dei propri dati o la loro portabilit\u00e0; in tal caso li conserveremo unicamente per l\u2019esercizio o la difesa di reclami. \u2022 In determinate circostanze e per motivi legati alla loro situazione particolare, gli interessati potranno opporsi al trattamento dei propri dati. In tal caso, GR\u00c0CIACALBET cesser\u00e0 di trattare i dati, salvo motivi legittimi imperativi, o per l\u2019esercizio o la difesa di possibili reclami. Potr\u00e0 esercitare concretamente i suoi diritti nel seguente modo: Per email allegando copia del suo documento d\u2019identit\u00e0 a: info@nombreempresa.com Per posta: 08007 Barcellona, Gran Via Corts Catalanes 617, 3\u00ba 2\u00aa, allegando fotocopia del suo documento d\u2019identit\u00e0. All\u2019indirizzo email e postale indicati, le forniremo i moduli corrispondenti per esercitare concretamente tali diritti. \u2022 Se ha prestato il consenso per una finalit\u00e0 specifica, ha diritto a ritirarlo in qualsiasi momento, senza che ci\u00f2 influisca sulla liceit\u00e0 del trattamento basato sul consenso prima della sua revoca. \u2022 Nel caso ritenga violati i suoi diritti per quanto riguarda la protezione dei dati personali, soprattutto quando non abbia ottenuto soddisfazione nell\u2019esercizio dei suoi diritti, pu\u00f2 presentare un reclamo all\u2019Autorit\u00e0 di Controllo competente in materia di protezione dei dati attraverso il suo sito web: www.agpd.es. Come abbiamo ottenuto i suoi dati? I dati personali che trattiamo in GR\u00c0CIACALBET provengono dagli stessi interessati o dal loro rappresentante legale. Le ricordiamo che non dovrebbe fornire dati di terzi salvo che abbia il permesso per farlo e che sia stato previamente informato. Non vengono trattate categorie particolari di dati personali (sono quei dati che rivelano l\u2019origine etnica o razziale, le opinioni politiche, le convinzioni religiose o filosofiche, o l\u2019affiliazione sindacale, dati genetici, dati biometrici volti a identificare in modo univoco una persona fisica, dati relativi alla salute o dati relativi alla vita sessuale o all\u2019orientamento sessuale di una persona fisica).<\/p>","protected":false},"excerpt":{"rendered":"<p>In GR\u00c0CIACALBET lavoriamo per garantire la privacy nel trattamento dei suoi dati personali. Abbiamo aggiornato la nostra Politica sulla Privacy per informare chiaramente su come raccogliamo, utilizziamo e custodiamo i dati delle persone che contattano la nostra azienda: \u2022 Responsabile del trattamento \u2022 Finalit\u00e0 del trattamento dei dati \u2022 Periodo di conservazione dei dati \u2022<a href=\"https:\/\/graciacalbet.com\/it\/politica-sulla-riservatezza\/\">Continue reading <span class=\"sr-only\">&#8220;Politica sulla riservatezza&#8221;<\/span><\/a><\/p>\n","protected":false},"author":1,"featured_media":0,"parent":0,"menu_order":0,"comment_status":"closed","ping_status":"closed","template":"","meta":{"_acf_changed":false,"inline_featured_image":false,"footnotes":""},"service-type":[],"class_list":["post-2707","page","type-page","status-publish","hentry"],"acf":[],"_links":{"self":[{"href":"https:\/\/graciacalbet.com\/it\/wp-json\/wp\/v2\/pages\/2707","targetHints":{"allow":["GET"]}}],"collection":[{"href":"https:\/\/graciacalbet.com\/it\/wp-json\/wp\/v2\/pages"}],"about":[{"href":"https:\/\/graciacalbet.com\/it\/wp-json\/wp\/v2\/types\/page"}],"author":[{"embeddable":true,"href":"https:\/\/graciacalbet.com\/it\/wp-json\/wp\/v2\/users\/1"}],"replies":[{"embeddable":true,"href":"https:\/\/graciacalbet.com\/it\/wp-json\/wp\/v2\/comments?post=2707"}],"version-history":[{"count":3,"href":"https:\/\/graciacalbet.com\/it\/wp-json\/wp\/v2\/pages\/2707\/revisions"}],"predecessor-version":[{"id":5158,"href":"https:\/\/graciacalbet.com\/it\/wp-json\/wp\/v2\/pages\/2707\/revisions\/5158"}],"wp:attachment":[{"href":"https:\/\/graciacalbet.com\/it\/wp-json\/wp\/v2\/media?parent=2707"}],"wp:term":[{"taxonomy":"service-type","embeddable":true,"href":"https:\/\/graciacalbet.com\/it\/wp-json\/wp\/v2\/service-type?post=2707"}],"curies":[{"name":"wp","href":"https:\/\/api.w.org\/{rel}","templated":true}]}}